{"id":66,"date":"2024-09-16T23:27:10","date_gmt":"2024-09-16T23:27:10","guid":{"rendered":"https:\/\/healthconsulting.pe\/?page_id=66"},"modified":"2024-10-15T17:19:01","modified_gmt":"2024-10-15T17:19:01","slug":"analisis-de-costo","status":"publish","type":"page","link":"https:\/\/healthconsulting.pe\/index.php\/analisis-de-costo\/","title":{"rendered":"An\u00e1lisis y Gesti\u00f3n de Costo"},"content":{"rendered":"\n<p class=\"has-nunito-font-family\" style=\"font-size:clamp(18.959px, 1.185rem + ((1vw - 3.2px) * 1.255), 30px);\"><strong>AN\u00c1LISIS Y GESTI\u00d3N DE COSTO<\/strong><\/p>\n\n\n\n<div class=\"wp-block-columns is-layout-flex wp-container-core-columns-is-layout-28f84493 wp-block-columns-is-layout-flex\">\n<div class=\"wp-block-column is-layout-flow wp-block-column-is-layout-flow\">\n<div class=\"wp-block-columns are-vertically-aligned-center is-layout-flex wp-container-core-columns-is-layout-28f84493 wp-block-columns-is-layout-flex\">\n<div class=\"wp-block-column is-vertically-aligned-center is-layout-flow wp-block-column-is-layout-flow\">\n<p class=\"has-nunito-font-family\" style=\"font-size:clamp(15.197px, 0.95rem + ((1vw - 3.2px) * 0.887), 23px);\"><strong>Identificaci\u00f3n y Clasificaci\u00f3n\u00a0\u00a0\u00a0<\/strong><\/p>\n\n\n\n<ul class=\"wp-block-list has-nunito-font-family has-small-font-size\">\n<li>Costos Directos.<strong>&nbsp;&nbsp;&nbsp;&nbsp;&nbsp;&nbsp;&nbsp;&nbsp;&nbsp;&nbsp;&nbsp;&nbsp;&nbsp;&nbsp;<\/strong><\/li>\n\n\n\n<li>Costos fijos.&nbsp;&nbsp;&nbsp;&nbsp;&nbsp;&nbsp;&nbsp;&nbsp;&nbsp;&nbsp;&nbsp;&nbsp;&nbsp;&nbsp;&nbsp;&nbsp;&nbsp;&nbsp;&nbsp;&nbsp;&nbsp;&nbsp;<\/li>\n\n\n\n<li>Costos Variables.<\/li>\n<\/ul>\n\n\n\n<p class=\"has-nunito-font-family\" style=\"font-size:clamp(15.197px, 0.95rem + ((1vw - 3.2px) * 0.887), 23px);\"><strong>Procedimiento de An\u00e1lisis<\/strong><\/p>\n\n\n\n<ul class=\"wp-block-list\">\n<li class=\"has-nunito-font-family has-small-font-size\">Relevamiento informativo.<\/li>\n\n\n\n<li class=\"has-nunito-font-family has-small-font-size\">C\u00e1lculo del precio del servicio.<\/li>\n\n\n\n<li class=\"has-nunito-font-family has-small-font-size\">Calculo de margen de rentabilidad.<\/li>\n<\/ul>\n<\/div>\n\n\n\n<div class=\"wp-block-column is-vertically-aligned-center is-layout-flow wp-block-column-is-layout-flow\">\n<figure class=\"wp-block-gallery has-nested-images columns-default is-cropped wp-block-gallery-1 is-layout-flex wp-block-gallery-is-layout-flex\">\n<figure class=\"wp-block-image alignleft size-medium is-style-default\"><img loading=\"lazy\" decoding=\"async\" width=\"212\" height=\"300\" data-id=\"447\" src=\"https:\/\/healthconsulting.pe\/wp-content\/uploads\/2024\/10\/finanzas-212x300.jpg\" alt=\"\" class=\"wp-image-447\" srcset=\"https:\/\/healthconsulting.pe\/wp-content\/uploads\/2024\/10\/finanzas-212x300.jpg 212w, https:\/\/healthconsulting.pe\/wp-content\/uploads\/2024\/10\/finanzas-724x1024.jpg 724w, https:\/\/healthconsulting.pe\/wp-content\/uploads\/2024\/10\/finanzas-768x1086.jpg 768w, https:\/\/healthconsulting.pe\/wp-content\/uploads\/2024\/10\/finanzas-1086x1536.jpg 1086w, https:\/\/healthconsulting.pe\/wp-content\/uploads\/2024\/10\/finanzas-1448x2048.jpg 1448w, https:\/\/healthconsulting.pe\/wp-content\/uploads\/2024\/10\/finanzas.jpg 1587w\" sizes=\"auto, (max-width: 212px) 100vw, 212px\" \/><\/figure>\n<\/figure>\n<\/div>\n\n\n\n<div class=\"wp-block-column is-vertically-aligned-center is-layout-flow wp-block-column-is-layout-flow\">\n<p class=\"has-nunito-font-family\" style=\"font-size:clamp(15.197px, 0.95rem + ((1vw - 3.2px) * 0.887), 23px);\"><strong>Evaluaci\u00f3n del Sistema de                costos<\/strong><\/p>\n\n\n\n<ul class=\"wp-block-list\">\n<li class=\"has-nunito-font-family has-small-font-size\"> Diagnostico.<\/li>\n\n\n\n<li class=\"has-nunito-font-family has-small-font-size\">Presentaci\u00f3n de informe.<\/li>\n\n\n\n<li class=\"has-nunito-font-family has-small-font-size\">Implementaci\u00f3n.<\/li>\n<\/ul>\n\n\n\n<p class=\"has-nunito-font-family\" style=\"font-size:clamp(15.197px, 0.95rem + ((1vw - 3.2px) * 0.887), 23px);\"><strong>   Implementaci\u00f3n de indicadores<\/strong><\/p>\n\n\n\n<ul class=\"wp-block-list\">\n<li class=\"has-nunito-font-family has-small-font-size\">Ingresos por pacientes.<\/li>\n\n\n\n<li class=\"has-nunito-font-family has-small-font-size\">Costo por consulta o tratamiento.<\/li>\n\n\n\n<li class=\"has-nunito-font-family has-small-font-size\">Tasa de ocupaci\u00f3n.<\/li>\n\n\n\n<li class=\"has-nunito-font-family has-small-font-size\">D\u00edas de cuentas por cobrar.<\/li>\n<\/ul>\n<\/div>\n<\/div>\n<\/div>\n<\/div>\n\n\n\n<p><\/p>\n\n\n\n<p><\/p>\n","protected":false},"excerpt":{"rendered":"<p>AN\u00c1LISIS Y GESTI\u00d3N DE COSTO Identificaci\u00f3n y Clasificaci\u00f3n\u00a0\u00a0\u00a0 Procedimiento de An\u00e1lisis Evaluaci\u00f3n del Sistema de costos Implementaci\u00f3n de indicadores<\/p>\n","protected":false},"author":1,"featured_media":0,"parent":0,"menu_order":0,"comment_status":"closed","ping_status":"closed","template":"","meta":{"footnotes":""},"class_list":["post-66","page","type-page","status-publish","hentry"],"yoast_head":"<!-- This site is optimized with the Yoast SEO plugin v23.6 - https:\/\/yoast.com\/wordpress\/plugins\/seo\/ -->\n<title>An\u00e1lisis y Gesti\u00f3n de Costo - Health Consulting<\/title>\n<meta name=\"robots\" content=\"index, follow, max-snippet:-1, max-image-preview:large, max-video-preview:-1\" \/>\n<link rel=\"canonical\" href=\"https:\/\/healthconsulting.pe\/index.php\/analisis-de-costo\/\" \/>\n<meta property=\"og:locale\" content=\"es_ES\" \/>\n<meta property=\"og:type\" content=\"article\" \/>\n<meta property=\"og:title\" content=\"An\u00e1lisis y Gesti\u00f3n de Costo - Health Consulting\" \/>\n<meta property=\"og:description\" content=\"AN\u00c1LISIS Y GESTI\u00d3N DE COSTO Identificaci\u00f3n y Clasificaci\u00f3n\u00a0\u00a0\u00a0 Procedimiento de An\u00e1lisis Evaluaci\u00f3n del Sistema de costos Implementaci\u00f3n de indicadores\" \/>\n<meta property=\"og:url\" content=\"https:\/\/healthconsulting.pe\/index.php\/analisis-de-costo\/\" \/>\n<meta property=\"og:site_name\" content=\"Health Consulting\" \/>\n<meta property=\"article:modified_time\" content=\"2024-10-15T17:19:01+00:00\" \/>\n<meta property=\"og:image\" content=\"https:\/\/healthconsulting.pe\/wp-content\/uploads\/2024\/10\/finanzas-212x300.jpg\" \/>\n<meta name=\"twitter:card\" content=\"summary_large_image\" \/>\n<meta name=\"twitter:label1\" content=\"Tiempo de lectura\" \/>\n\t<meta name=\"twitter:data1\" content=\"1 minuto\" \/>\n<script type=\"application\/ld+json\" class=\"yoast-schema-graph\">{\"@context\":\"https:\/\/schema.org\",\"@graph\":[{\"@type\":\"WebPage\",\"@id\":\"https:\/\/healthconsulting.pe\/index.php\/analisis-de-costo\/\",\"url\":\"https:\/\/healthconsulting.pe\/index.php\/analisis-de-costo\/\",\"name\":\"An\u00e1lisis y Gesti\u00f3n de Costo - Health Consulting\",\"isPartOf\":{\"@id\":\"https:\/\/healthconsulting.pe\/#website\"},\"primaryImageOfPage\":{\"@id\":\"https:\/\/healthconsulting.pe\/index.php\/analisis-de-costo\/#primaryimage\"},\"image\":{\"@id\":\"https:\/\/healthconsulting.pe\/index.php\/analisis-de-costo\/#primaryimage\"},\"thumbnailUrl\":\"https:\/\/healthconsulting.pe\/wp-content\/uploads\/2024\/10\/finanzas-212x300.jpg\",\"datePublished\":\"2024-09-16T23:27:10+00:00\",\"dateModified\":\"2024-10-15T17:19:01+00:00\",\"breadcrumb\":{\"@id\":\"https:\/\/healthconsulting.pe\/index.php\/analisis-de-costo\/#breadcrumb\"},\"inLanguage\":\"es\",\"potentialAction\":[{\"@type\":\"ReadAction\",\"target\":[\"https:\/\/healthconsulting.pe\/index.php\/analisis-de-costo\/\"]}]},{\"@type\":\"ImageObject\",\"inLanguage\":\"es\",\"@id\":\"https:\/\/healthconsulting.pe\/index.php\/analisis-de-costo\/#primaryimage\",\"url\":\"https:\/\/healthconsulting.pe\/wp-content\/uploads\/2024\/10\/finanzas.jpg\",\"contentUrl\":\"https:\/\/healthconsulting.pe\/wp-content\/uploads\/2024\/10\/finanzas.jpg\",\"width\":1587,\"height\":2245},{\"@type\":\"BreadcrumbList\",\"@id\":\"https:\/\/healthconsulting.pe\/index.php\/analisis-de-costo\/#breadcrumb\",\"itemListElement\":[{\"@type\":\"ListItem\",\"position\":1,\"name\":\"Portada\",\"item\":\"https:\/\/healthconsulting.pe\/\"},{\"@type\":\"ListItem\",\"position\":2,\"name\":\"An\u00e1lisis y Gesti\u00f3n de Costo\"}]},{\"@type\":\"WebSite\",\"@id\":\"https:\/\/healthconsulting.pe\/#website\",\"url\":\"https:\/\/healthconsulting.pe\/\",\"name\":\"Health Consulting\",\"description\":\"Consultor\u00eda multidisciplinaria especializada en el Sector Salud\",\"publisher\":{\"@id\":\"https:\/\/healthconsulting.pe\/#organization\"},\"potentialAction\":[{\"@type\":\"SearchAction\",\"target\":{\"@type\":\"EntryPoint\",\"urlTemplate\":\"https:\/\/healthconsulting.pe\/?s={search_term_string}\"},\"query-input\":{\"@type\":\"PropertyValueSpecification\",\"valueRequired\":true,\"valueName\":\"search_term_string\"}}],\"inLanguage\":\"es\"},{\"@type\":\"Organization\",\"@id\":\"https:\/\/healthconsulting.pe\/#organization\",\"name\":\"Health Consulting\",\"url\":\"https:\/\/healthconsulting.pe\/\",\"logo\":{\"@type\":\"ImageObject\",\"inLanguage\":\"es\",\"@id\":\"https:\/\/healthconsulting.pe\/#\/schema\/logo\/image\/\",\"url\":\"https:\/\/healthconsulting.pe\/wp-content\/uploads\/2024\/09\/Health-Consulting-Principal-2.png\",\"contentUrl\":\"https:\/\/healthconsulting.pe\/wp-content\/uploads\/2024\/09\/Health-Consulting-Principal-2.png\",\"width\":2054,\"height\":2053,\"caption\":\"Health Consulting\"},\"image\":{\"@id\":\"https:\/\/healthconsulting.pe\/#\/schema\/logo\/image\/\"},\"sameAs\":[\"https:\/\/www.linkedin.com\/company\/health-consulting-drcch\/\"]}]}<\/script>\n<!-- \/ Yoast SEO plugin. -->","yoast_head_json":{"title":"An\u00e1lisis y Gesti\u00f3n de Costo - Health Consulting","robots":{"index":"index","follow":"follow","max-snippet":"max-snippet:-1","max-image-preview":"max-image-preview:large","max-video-preview":"max-video-preview:-1"},"canonical":"https:\/\/healthconsulting.pe\/index.php\/analisis-de-costo\/","og_locale":"es_ES","og_type":"article","og_title":"An\u00e1lisis y Gesti\u00f3n de Costo - Health Consulting","og_description":"AN\u00c1LISIS Y GESTI\u00d3N DE COSTO Identificaci\u00f3n y Clasificaci\u00f3n\u00a0\u00a0\u00a0 Procedimiento de An\u00e1lisis Evaluaci\u00f3n del Sistema de costos Implementaci\u00f3n de indicadores","og_url":"https:\/\/healthconsulting.pe\/index.php\/analisis-de-costo\/","og_site_name":"Health Consulting","article_modified_time":"2024-10-15T17:19:01+00:00","og_image":[{"url":"https:\/\/healthconsulting.pe\/wp-content\/uploads\/2024\/10\/finanzas-212x300.jpg"}],"twitter_card":"summary_large_image","twitter_misc":{"Tiempo de lectura":"1 minuto"},"schema":{"@context":"https:\/\/schema.org","@graph":[{"@type":"WebPage","@id":"https:\/\/healthconsulting.pe\/index.php\/analisis-de-costo\/","url":"https:\/\/healthconsulting.pe\/index.php\/analisis-de-costo\/","name":"An\u00e1lisis y Gesti\u00f3n de Costo - Health Consulting","isPartOf":{"@id":"https:\/\/healthconsulting.pe\/#website"},"primaryImageOfPage":{"@id":"https:\/\/healthconsulting.pe\/index.php\/analisis-de-costo\/#primaryimage"},"image":{"@id":"https:\/\/healthconsulting.pe\/index.php\/analisis-de-costo\/#primaryimage"},"thumbnailUrl":"https:\/\/healthconsulting.pe\/wp-content\/uploads\/2024\/10\/finanzas-212x300.jpg","datePublished":"2024-09-16T23:27:10+00:00","dateModified":"2024-10-15T17:19:01+00:00","breadcrumb":{"@id":"https:\/\/healthconsulting.pe\/index.php\/analisis-de-costo\/#breadcrumb"},"inLanguage":"es","potentialAction":[{"@type":"ReadAction","target":["https:\/\/healthconsulting.pe\/index.php\/analisis-de-costo\/"]}]},{"@type":"ImageObject","inLanguage":"es","@id":"https:\/\/healthconsulting.pe\/index.php\/analisis-de-costo\/#primaryimage","url":"https:\/\/healthconsulting.pe\/wp-content\/uploads\/2024\/10\/finanzas.jpg","contentUrl":"https:\/\/healthconsulting.pe\/wp-content\/uploads\/2024\/10\/finanzas.jpg","width":1587,"height":2245},{"@type":"BreadcrumbList","@id":"https:\/\/healthconsulting.pe\/index.php\/analisis-de-costo\/#breadcrumb","itemListElement":[{"@type":"ListItem","position":1,"name":"Portada","item":"https:\/\/healthconsulting.pe\/"},{"@type":"ListItem","position":2,"name":"An\u00e1lisis y Gesti\u00f3n de Costo"}]},{"@type":"WebSite","@id":"https:\/\/healthconsulting.pe\/#website","url":"https:\/\/healthconsulting.pe\/","name":"Health Consulting","description":"Consultor\u00eda multidisciplinaria especializada en el Sector Salud","publisher":{"@id":"https:\/\/healthconsulting.pe\/#organization"},"potentialAction":[{"@type":"SearchAction","target":{"@type":"EntryPoint","urlTemplate":"https:\/\/healthconsulting.pe\/?s={search_term_string}"},"query-input":{"@type":"PropertyValueSpecification","valueRequired":true,"valueName":"search_term_string"}}],"inLanguage":"es"},{"@type":"Organization","@id":"https:\/\/healthconsulting.pe\/#organization","name":"Health Consulting","url":"https:\/\/healthconsulting.pe\/","logo":{"@type":"ImageObject","inLanguage":"es","@id":"https:\/\/healthconsulting.pe\/#\/schema\/logo\/image\/","url":"https:\/\/healthconsulting.pe\/wp-content\/uploads\/2024\/09\/Health-Consulting-Principal-2.png","contentUrl":"https:\/\/healthconsulting.pe\/wp-content\/uploads\/2024\/09\/Health-Consulting-Principal-2.png","width":2054,"height":2053,"caption":"Health Consulting"},"image":{"@id":"https:\/\/healthconsulting.pe\/#\/schema\/logo\/image\/"},"sameAs":["https:\/\/www.linkedin.com\/company\/health-consulting-drcch\/"]}]}},"_links":{"self":[{"href":"https:\/\/healthconsulting.pe\/index.php\/wp-json\/wp\/v2\/pages\/66","targetHints":{"allow":["GET"]}}],"collection":[{"href":"https:\/\/healthconsulting.pe\/index.php\/wp-json\/wp\/v2\/pages"}],"about":[{"href":"https:\/\/healthconsulting.pe\/index.php\/wp-json\/wp\/v2\/types\/page"}],"author":[{"embeddable":true,"href":"https:\/\/healthconsulting.pe\/index.php\/wp-json\/wp\/v2\/users\/1"}],"replies":[{"embeddable":true,"href":"https:\/\/healthconsulting.pe\/index.php\/wp-json\/wp\/v2\/comments?post=66"}],"version-history":[{"count":21,"href":"https:\/\/healthconsulting.pe\/index.php\/wp-json\/wp\/v2\/pages\/66\/revisions"}],"predecessor-version":[{"id":472,"href":"https:\/\/healthconsulting.pe\/index.php\/wp-json\/wp\/v2\/pages\/66\/revisions\/472"}],"wp:attachment":[{"href":"https:\/\/healthconsulting.pe\/index.php\/wp-json\/wp\/v2\/media?parent=66"}],"curies":[{"name":"wp","href":"https:\/\/api.w.org\/{rel}","templated":true}]}}