{"id":68,"date":"2024-09-16T23:27:35","date_gmt":"2024-09-16T23:27:35","guid":{"rendered":"https:\/\/healthconsulting.pe\/?page_id=68"},"modified":"2024-10-15T17:19:47","modified_gmt":"2024-10-15T17:19:47","slug":"salud-ocupacional","status":"publish","type":"page","link":"https:\/\/healthconsulting.pe\/index.php\/salud-ocupacional\/","title":{"rendered":"Salud ocupacional"},"content":{"rendered":"\n<p class=\"has-nunito-font-family\" style=\"font-size:clamp(18.959px, 1.185rem + ((1vw - 3.2px) * 1.255), 30px);\"><strong>SALUD OCUPACIONAL<\/strong><\/p>\n\n\n\n<div class=\"wp-block-columns is-layout-flex wp-container-core-columns-is-layout-28f84493 wp-block-columns-is-layout-flex\">\n<div class=\"wp-block-column is-layout-flow wp-block-column-is-layout-flow\">\n<p class=\"has-nunito-font-family\" style=\"font-size:clamp(15.197px, 0.95rem + ((1vw - 3.2px) * 0.887), 23px);\"><strong>Gesti\u00f3n y Evaluaciones de riesgo para la salud del trabajador<\/strong><\/p>\n\n\n\n<p class=\"has-nunito-font-family has-small-font-size\">\u2022 Evaluaciones cuantitativas y cualitativas de los factores de riesgos f\u00edsico, qu\u00edmico, biol\u00f3gico, ergon\u00f3mico y psicosocial.<\/p>\n\n\n\n<p class=\"has-nunito-font-family\" style=\"font-size:clamp(15.197px, 0.95rem + ((1vw - 3.2px) * 0.887), 23px);\"><strong>Ex\u00e1menes m\u00e9dico ocupacionales. Desarrollo de los Protocolos de Ex\u00e1menes M\u00e9dicos Ocupacionales<\/strong><\/p>\n\n\n\n<p class=\"has-nunito-font-family has-small-font-size\">\u2022Ex\u00e1menes pre ocupacionales.<\/p>\n\n\n\n<p class=\"has-nunito-font-family has-small-font-size\">\u2022Ex\u00e1menes ocupacionales peri\u00f3dicos y retiro.<\/p>\n\n\n\n<p class=\"has-nunito-font-family\" style=\"font-size:clamp(15.197px, 0.95rem + ((1vw - 3.2px) * 0.887), 23px);\"><strong>Auditoria ocupacional<\/strong><\/p>\n<\/div>\n\n\n\n<div class=\"wp-block-column is-vertically-aligned-center is-layout-flow wp-block-column-is-layout-flow\">\n<figure class=\"wp-block-gallery has-nested-images columns-default is-cropped wp-block-gallery-1 is-layout-flex wp-block-gallery-is-layout-flex\">\n<figure class=\"wp-block-image aligncenter size-large\"><img loading=\"lazy\" decoding=\"async\" width=\"1024\" height=\"682\" data-id=\"437\" src=\"https:\/\/healthconsulting.pe\/wp-content\/uploads\/2024\/10\/WhatsApp-Image-2024-10-15-at-10.51.18-AM-1024x682.jpeg\" alt=\"\" class=\"wp-image-437\" srcset=\"https:\/\/healthconsulting.pe\/wp-content\/uploads\/2024\/10\/WhatsApp-Image-2024-10-15-at-10.51.18-AM-1024x682.jpeg 1024w, https:\/\/healthconsulting.pe\/wp-content\/uploads\/2024\/10\/WhatsApp-Image-2024-10-15-at-10.51.18-AM-300x200.jpeg 300w, https:\/\/healthconsulting.pe\/wp-content\/uploads\/2024\/10\/WhatsApp-Image-2024-10-15-at-10.51.18-AM-768x512.jpeg 768w, https:\/\/healthconsulting.pe\/wp-content\/uploads\/2024\/10\/WhatsApp-Image-2024-10-15-at-10.51.18-AM.jpeg 1280w\" sizes=\"auto, (max-width: 1024px) 100vw, 1024px\" \/><\/figure>\n<\/figure>\n<\/div>\n\n\n\n<div class=\"wp-block-column is-layout-flow wp-block-column-is-layout-flow\">\n<p class=\"has-nunito-font-family\" style=\"font-size:clamp(15.197px, 0.95rem + ((1vw - 3.2px) * 0.887), 23px);\"><strong>Desarrollo de programas de prevenci\u00f3n y promoci\u00f3n de bienestar<\/strong><\/p>\n\n\n\n<p class=\"has-nunito-font-family has-small-font-size\">\u2022Capacitaciones ocupacionales.<\/p>\n\n\n\n<p class=\"has-nunito-font-family has-small-font-size\">\u2022Plan Anual de SST.<\/p>\n\n\n\n<p class=\"has-nunito-font-family has-small-font-size\">\u2022Higiene ocupacional y Mapa de riesgo.<\/p>\n\n\n\n<p class=\"has-small-font-size\">\u2022Protocolos COVID &#8211; 19.<\/p>\n\n\n\n<p class=\"has-nunito-font-family\" style=\"font-size:clamp(15.197px, 0.95rem + ((1vw - 3.2px) * 0.887), 23px);\"><strong>Implementaci\u00f3n de Indicadores<\/strong><\/p>\n\n\n\n<p class=\"has-nunito-font-family has-small-font-size\">\u2022Indicadores reactivos.<\/p>\n\n\n\n<p class=\"has-nunito-font-family has-small-font-size\">\u2022Indicadores de actividades y competencias.<\/p>\n\n\n\n<p class=\"has-nunito-font-family has-small-font-size\">\u2022Indicadores de resultados.<\/p>\n<\/div>\n<\/div>\n\n\n\n<p><\/p>\n","protected":false},"excerpt":{"rendered":"<p>SALUD OCUPACIONAL Gesti\u00f3n y Evaluaciones de riesgo para la salud del trabajador \u2022 Evaluaciones cuantitativas y cualitativas de los factores de riesgos f\u00edsico, qu\u00edmico, biol\u00f3gico, ergon\u00f3mico y psicosocial. Ex\u00e1menes m\u00e9dico ocupacionales. Desarrollo de los Protocolos de Ex\u00e1menes M\u00e9dicos Ocupacionales \u2022Ex\u00e1menes pre ocupacionales. \u2022Ex\u00e1menes ocupacionales peri\u00f3dicos y retiro. Auditoria ocupacional Desarrollo de programas de prevenci\u00f3n y [&hellip;]<\/p>\n","protected":false},"author":1,"featured_media":0,"parent":0,"menu_order":0,"comment_status":"closed","ping_status":"closed","template":"","meta":{"footnotes":""},"class_list":["post-68","page","type-page","status-publish","hentry"],"yoast_head":"<!-- This site is optimized with the Yoast SEO plugin v23.6 - https:\/\/yoast.com\/wordpress\/plugins\/seo\/ -->\n<title>Salud ocupacional - Health Consulting<\/title>\n<meta name=\"robots\" content=\"index, follow, max-snippet:-1, max-image-preview:large, max-video-preview:-1\" \/>\n<link rel=\"canonical\" href=\"https:\/\/healthconsulting.pe\/index.php\/salud-ocupacional\/\" \/>\n<meta property=\"og:locale\" content=\"es_ES\" \/>\n<meta property=\"og:type\" content=\"article\" \/>\n<meta property=\"og:title\" content=\"Salud ocupacional - Health Consulting\" \/>\n<meta property=\"og:description\" content=\"SALUD OCUPACIONAL Gesti\u00f3n y Evaluaciones de riesgo para la salud del trabajador \u2022 Evaluaciones cuantitativas y cualitativas de los factores de riesgos f\u00edsico, qu\u00edmico, biol\u00f3gico, ergon\u00f3mico y psicosocial. Ex\u00e1menes m\u00e9dico ocupacionales. Desarrollo de los Protocolos de Ex\u00e1menes M\u00e9dicos Ocupacionales \u2022Ex\u00e1menes pre ocupacionales. \u2022Ex\u00e1menes ocupacionales peri\u00f3dicos y retiro. Auditoria ocupacional Desarrollo de programas de prevenci\u00f3n y [&hellip;]\" \/>\n<meta property=\"og:url\" content=\"https:\/\/healthconsulting.pe\/index.php\/salud-ocupacional\/\" \/>\n<meta property=\"og:site_name\" content=\"Health Consulting\" \/>\n<meta property=\"article:modified_time\" content=\"2024-10-15T17:19:47+00:00\" \/>\n<meta property=\"og:image\" content=\"https:\/\/healthconsulting.pe\/wp-content\/uploads\/2024\/10\/WhatsApp-Image-2024-10-15-at-10.51.18-AM-1024x682.jpeg\" \/>\n<meta name=\"twitter:card\" content=\"summary_large_image\" \/>\n<meta name=\"twitter:label1\" content=\"Tiempo de lectura\" \/>\n\t<meta name=\"twitter:data1\" content=\"1 minuto\" \/>\n<script type=\"application\/ld+json\" class=\"yoast-schema-graph\">{\"@context\":\"https:\/\/schema.org\",\"@graph\":[{\"@type\":\"WebPage\",\"@id\":\"https:\/\/healthconsulting.pe\/index.php\/salud-ocupacional\/\",\"url\":\"https:\/\/healthconsulting.pe\/index.php\/salud-ocupacional\/\",\"name\":\"Salud ocupacional - Health Consulting\",\"isPartOf\":{\"@id\":\"https:\/\/healthconsulting.pe\/#website\"},\"primaryImageOfPage\":{\"@id\":\"https:\/\/healthconsulting.pe\/index.php\/salud-ocupacional\/#primaryimage\"},\"image\":{\"@id\":\"https:\/\/healthconsulting.pe\/index.php\/salud-ocupacional\/#primaryimage\"},\"thumbnailUrl\":\"https:\/\/healthconsulting.pe\/wp-content\/uploads\/2024\/10\/WhatsApp-Image-2024-10-15-at-10.51.18-AM-1024x682.jpeg\",\"datePublished\":\"2024-09-16T23:27:35+00:00\",\"dateModified\":\"2024-10-15T17:19:47+00:00\",\"breadcrumb\":{\"@id\":\"https:\/\/healthconsulting.pe\/index.php\/salud-ocupacional\/#breadcrumb\"},\"inLanguage\":\"es\",\"potentialAction\":[{\"@type\":\"ReadAction\",\"target\":[\"https:\/\/healthconsulting.pe\/index.php\/salud-ocupacional\/\"]}]},{\"@type\":\"ImageObject\",\"inLanguage\":\"es\",\"@id\":\"https:\/\/healthconsulting.pe\/index.php\/salud-ocupacional\/#primaryimage\",\"url\":\"https:\/\/healthconsulting.pe\/wp-content\/uploads\/2024\/10\/WhatsApp-Image-2024-10-15-at-10.51.18-AM.jpeg\",\"contentUrl\":\"https:\/\/healthconsulting.pe\/wp-content\/uploads\/2024\/10\/WhatsApp-Image-2024-10-15-at-10.51.18-AM.jpeg\",\"width\":1280,\"height\":853},{\"@type\":\"BreadcrumbList\",\"@id\":\"https:\/\/healthconsulting.pe\/index.php\/salud-ocupacional\/#breadcrumb\",\"itemListElement\":[{\"@type\":\"ListItem\",\"position\":1,\"name\":\"Portada\",\"item\":\"https:\/\/healthconsulting.pe\/\"},{\"@type\":\"ListItem\",\"position\":2,\"name\":\"Salud ocupacional\"}]},{\"@type\":\"WebSite\",\"@id\":\"https:\/\/healthconsulting.pe\/#website\",\"url\":\"https:\/\/healthconsulting.pe\/\",\"name\":\"Health Consulting\",\"description\":\"Consultor\u00eda multidisciplinaria especializada en el Sector Salud\",\"publisher\":{\"@id\":\"https:\/\/healthconsulting.pe\/#organization\"},\"potentialAction\":[{\"@type\":\"SearchAction\",\"target\":{\"@type\":\"EntryPoint\",\"urlTemplate\":\"https:\/\/healthconsulting.pe\/?s={search_term_string}\"},\"query-input\":{\"@type\":\"PropertyValueSpecification\",\"valueRequired\":true,\"valueName\":\"search_term_string\"}}],\"inLanguage\":\"es\"},{\"@type\":\"Organization\",\"@id\":\"https:\/\/healthconsulting.pe\/#organization\",\"name\":\"Health Consulting\",\"url\":\"https:\/\/healthconsulting.pe\/\",\"logo\":{\"@type\":\"ImageObject\",\"inLanguage\":\"es\",\"@id\":\"https:\/\/healthconsulting.pe\/#\/schema\/logo\/image\/\",\"url\":\"https:\/\/healthconsulting.pe\/wp-content\/uploads\/2024\/09\/Health-Consulting-Principal-2.png\",\"contentUrl\":\"https:\/\/healthconsulting.pe\/wp-content\/uploads\/2024\/09\/Health-Consulting-Principal-2.png\",\"width\":2054,\"height\":2053,\"caption\":\"Health Consulting\"},\"image\":{\"@id\":\"https:\/\/healthconsulting.pe\/#\/schema\/logo\/image\/\"},\"sameAs\":[\"https:\/\/www.linkedin.com\/company\/health-consulting-drcch\/\"]}]}<\/script>\n<!-- \/ Yoast SEO plugin. -->","yoast_head_json":{"title":"Salud ocupacional - Health Consulting","robots":{"index":"index","follow":"follow","max-snippet":"max-snippet:-1","max-image-preview":"max-image-preview:large","max-video-preview":"max-video-preview:-1"},"canonical":"https:\/\/healthconsulting.pe\/index.php\/salud-ocupacional\/","og_locale":"es_ES","og_type":"article","og_title":"Salud ocupacional - Health Consulting","og_description":"SALUD OCUPACIONAL Gesti\u00f3n y Evaluaciones de riesgo para la salud del trabajador \u2022 Evaluaciones cuantitativas y cualitativas de los factores de riesgos f\u00edsico, qu\u00edmico, biol\u00f3gico, ergon\u00f3mico y psicosocial. Ex\u00e1menes m\u00e9dico ocupacionales. Desarrollo de los Protocolos de Ex\u00e1menes M\u00e9dicos Ocupacionales \u2022Ex\u00e1menes pre ocupacionales. \u2022Ex\u00e1menes ocupacionales peri\u00f3dicos y retiro. Auditoria ocupacional Desarrollo de programas de prevenci\u00f3n y [&hellip;]","og_url":"https:\/\/healthconsulting.pe\/index.php\/salud-ocupacional\/","og_site_name":"Health Consulting","article_modified_time":"2024-10-15T17:19:47+00:00","og_image":[{"url":"https:\/\/healthconsulting.pe\/wp-content\/uploads\/2024\/10\/WhatsApp-Image-2024-10-15-at-10.51.18-AM-1024x682.jpeg"}],"twitter_card":"summary_large_image","twitter_misc":{"Tiempo de lectura":"1 minuto"},"schema":{"@context":"https:\/\/schema.org","@graph":[{"@type":"WebPage","@id":"https:\/\/healthconsulting.pe\/index.php\/salud-ocupacional\/","url":"https:\/\/healthconsulting.pe\/index.php\/salud-ocupacional\/","name":"Salud ocupacional - Health Consulting","isPartOf":{"@id":"https:\/\/healthconsulting.pe\/#website"},"primaryImageOfPage":{"@id":"https:\/\/healthconsulting.pe\/index.php\/salud-ocupacional\/#primaryimage"},"image":{"@id":"https:\/\/healthconsulting.pe\/index.php\/salud-ocupacional\/#primaryimage"},"thumbnailUrl":"https:\/\/healthconsulting.pe\/wp-content\/uploads\/2024\/10\/WhatsApp-Image-2024-10-15-at-10.51.18-AM-1024x682.jpeg","datePublished":"2024-09-16T23:27:35+00:00","dateModified":"2024-10-15T17:19:47+00:00","breadcrumb":{"@id":"https:\/\/healthconsulting.pe\/index.php\/salud-ocupacional\/#breadcrumb"},"inLanguage":"es","potentialAction":[{"@type":"ReadAction","target":["https:\/\/healthconsulting.pe\/index.php\/salud-ocupacional\/"]}]},{"@type":"ImageObject","inLanguage":"es","@id":"https:\/\/healthconsulting.pe\/index.php\/salud-ocupacional\/#primaryimage","url":"https:\/\/healthconsulting.pe\/wp-content\/uploads\/2024\/10\/WhatsApp-Image-2024-10-15-at-10.51.18-AM.jpeg","contentUrl":"https:\/\/healthconsulting.pe\/wp-content\/uploads\/2024\/10\/WhatsApp-Image-2024-10-15-at-10.51.18-AM.jpeg","width":1280,"height":853},{"@type":"BreadcrumbList","@id":"https:\/\/healthconsulting.pe\/index.php\/salud-ocupacional\/#breadcrumb","itemListElement":[{"@type":"ListItem","position":1,"name":"Portada","item":"https:\/\/healthconsulting.pe\/"},{"@type":"ListItem","position":2,"name":"Salud ocupacional"}]},{"@type":"WebSite","@id":"https:\/\/healthconsulting.pe\/#website","url":"https:\/\/healthconsulting.pe\/","name":"Health Consulting","description":"Consultor\u00eda multidisciplinaria especializada en el Sector Salud","publisher":{"@id":"https:\/\/healthconsulting.pe\/#organization"},"potentialAction":[{"@type":"SearchAction","target":{"@type":"EntryPoint","urlTemplate":"https:\/\/healthconsulting.pe\/?s={search_term_string}"},"query-input":{"@type":"PropertyValueSpecification","valueRequired":true,"valueName":"search_term_string"}}],"inLanguage":"es"},{"@type":"Organization","@id":"https:\/\/healthconsulting.pe\/#organization","name":"Health Consulting","url":"https:\/\/healthconsulting.pe\/","logo":{"@type":"ImageObject","inLanguage":"es","@id":"https:\/\/healthconsulting.pe\/#\/schema\/logo\/image\/","url":"https:\/\/healthconsulting.pe\/wp-content\/uploads\/2024\/09\/Health-Consulting-Principal-2.png","contentUrl":"https:\/\/healthconsulting.pe\/wp-content\/uploads\/2024\/09\/Health-Consulting-Principal-2.png","width":2054,"height":2053,"caption":"Health Consulting"},"image":{"@id":"https:\/\/healthconsulting.pe\/#\/schema\/logo\/image\/"},"sameAs":["https:\/\/www.linkedin.com\/company\/health-consulting-drcch\/"]}]}},"_links":{"self":[{"href":"https:\/\/healthconsulting.pe\/index.php\/wp-json\/wp\/v2\/pages\/68","targetHints":{"allow":["GET"]}}],"collection":[{"href":"https:\/\/healthconsulting.pe\/index.php\/wp-json\/wp\/v2\/pages"}],"about":[{"href":"https:\/\/healthconsulting.pe\/index.php\/wp-json\/wp\/v2\/types\/page"}],"author":[{"embeddable":true,"href":"https:\/\/healthconsulting.pe\/index.php\/wp-json\/wp\/v2\/users\/1"}],"replies":[{"embeddable":true,"href":"https:\/\/healthconsulting.pe\/index.php\/wp-json\/wp\/v2\/comments?post=68"}],"version-history":[{"count":15,"href":"https:\/\/healthconsulting.pe\/index.php\/wp-json\/wp\/v2\/pages\/68\/revisions"}],"predecessor-version":[{"id":473,"href":"https:\/\/healthconsulting.pe\/index.php\/wp-json\/wp\/v2\/pages\/68\/revisions\/473"}],"wp:attachment":[{"href":"https:\/\/healthconsulting.pe\/index.php\/wp-json\/wp\/v2\/media?parent=68"}],"curies":[{"name":"wp","href":"https:\/\/api.w.org\/{rel}","templated":true}]}}