{"id":70,"date":"2024-09-16T23:27:48","date_gmt":"2024-09-16T23:27:48","guid":{"rendered":"https:\/\/healthconsulting.pe\/?page_id=70"},"modified":"2024-10-15T17:20:21","modified_gmt":"2024-10-15T17:20:21","slug":"marketing-digital","status":"publish","type":"page","link":"https:\/\/healthconsulting.pe\/index.php\/marketing-digital\/","title":{"rendered":"Planificaci\u00f3n y Estrategias de Marketing Digital"},"content":{"rendered":"\n<p class=\"has-nunito-font-family\" style=\"font-size:clamp(18.959px, 1.185rem + ((1vw - 3.2px) * 1.255), 30px);\"><strong>PLANIFICACI\u00d3N Y ESTRATEGIAS DE MARKETING DIGITAL<\/strong><\/p>\n\n\n\n<div class=\"wp-block-columns is-layout-flex wp-container-core-columns-is-layout-28f84493 wp-block-columns-is-layout-flex\">\n<div class=\"wp-block-column is-layout-flow wp-block-column-is-layout-flow\">\n<p style=\"font-size:clamp(15.197px, 0.95rem + ((1vw - 3.2px) * 0.887), 23px);\"><strong>An\u00e1lisis de la empresa<\/strong><\/p>\n\n\n\n<ul class=\"wp-block-list has-medium-font-size\">\n<li class=\"has-small-font-size\">Diagn\u00f3stico actual de la empresa.<\/li>\n\n\n\n<li class=\"has-small-font-size\">Identificaci\u00f3n de las principales fortalezas \/ debilidades.<\/li>\n\n\n\n<li class=\"has-small-font-size\">Identidad de la empresa.<\/li>\n<\/ul>\n\n\n\n<p style=\"font-size:clamp(15.197px, 0.95rem + ((1vw - 3.2px) * 0.887), 23px);\"><strong>An\u00e1lisis del mercado<\/strong><\/p>\n\n\n\n<ul class=\"wp-block-list has-small-font-size\">\n<li class=\"has-small-font-size\">An\u00e1lisis de los clientes.<\/li>\n\n\n\n<li class=\"has-small-font-size\">An\u00e1lisis de la competencia.<\/li>\n\n\n\n<li class=\"has-small-font-size\">Relaci\u00f3n con proveedores.<\/li>\n<\/ul>\n\n\n\n<p style=\"font-size:clamp(15.197px, 0.95rem + ((1vw - 3.2px) * 0.887), 23px);\"><strong>Evaluaci\u00f3n y an\u00e1lisis de<\/strong> <strong>la informaci\u00f3n<\/strong><\/p>\n<\/div>\n\n\n\n<div class=\"wp-block-column is-vertically-aligned-center is-layout-flow wp-block-column-is-layout-flow\">\n<figure class=\"wp-block-image alignleft size-large\"><img loading=\"lazy\" decoding=\"async\" width=\"683\" height=\"1024\" src=\"https:\/\/healthconsulting.pe\/wp-content\/uploads\/2024\/09\/Marketingdigital-683x1024.jpg\" alt=\"\" class=\"wp-image-222\" style=\"aspect-ratio:9\/16;object-fit:cover\" srcset=\"https:\/\/healthconsulting.pe\/wp-content\/uploads\/2024\/09\/Marketingdigital-683x1024.jpg 683w, https:\/\/healthconsulting.pe\/wp-content\/uploads\/2024\/09\/Marketingdigital-200x300.jpg 200w, https:\/\/healthconsulting.pe\/wp-content\/uploads\/2024\/09\/Marketingdigital-768x1152.jpg 768w, https:\/\/healthconsulting.pe\/wp-content\/uploads\/2024\/09\/Marketingdigital-1024x1536.jpg 1024w, https:\/\/healthconsulting.pe\/wp-content\/uploads\/2024\/09\/Marketingdigital-1365x2048.jpg 1365w, https:\/\/healthconsulting.pe\/wp-content\/uploads\/2024\/09\/Marketingdigital-scaled.jpg 1707w\" sizes=\"auto, (max-width: 683px) 100vw, 683px\" \/><\/figure>\n<\/div>\n\n\n\n<div class=\"wp-block-column is-layout-flow wp-block-column-is-layout-flow\">\n<p style=\"font-size:clamp(15.197px, 0.95rem + ((1vw - 3.2px) * 0.887), 23px);\"><strong>Implementaci\u00f3n de Indicadores<\/strong><\/p>\n\n\n\n<ul class=\"wp-block-list has-small-font-size\">\n<li class=\"has-nunito-font-family has-small-font-size\">Tasa de conversi\u00f3n.<\/li>\n\n\n\n<li class=\"has-small-font-size\">Ticket promedio.<\/li>\n\n\n\n<li class=\"has-small-font-size\">Grado de satisfacci\u00f3n del paciente.<\/li>\n\n\n\n<li class=\"has-small-font-size\">Ingresos por servicios.<\/li>\n\n\n\n<li class=\"has-small-font-size\">Ventas vs Leads<\/li>\n<\/ul>\n\n\n\n<p style=\"font-size:clamp(15.197px, 0.95rem + ((1vw - 3.2px) * 0.887), 23px);\"><strong>Creaci\u00f3n del plan de acci\u00f3n<\/strong><\/p>\n\n\n\n<ul class=\"wp-block-list has-small-font-size\">\n<li class=\"has-nunito-font-family has-small-font-size\">Desarrollo y creaci\u00f3n de estrategias comerciales.<\/li>\n\n\n\n<li class=\"has-nunito-font-family has-small-font-size\">Identificar: recursos necesarios, responsables y procedimientos a seguir.<\/li>\n\n\n\n<li class=\"has-nunito-font-family has-small-font-size\">Captaci\u00f3n de nuevos clientes.<\/li>\n\n\n\n<li class=\"has-nunito-font-family has-small-font-size\">Convenios con seguros y empresas.<\/li>\n<\/ul>\n\n\n\n<p style=\"font-size:clamp(15.197px, 0.95rem + ((1vw - 3.2px) * 0.887), 23px);\"><strong>Creaci\u00f3n y desarrollo de la marca<\/strong><\/p>\n\n\n\n<ul class=\"wp-block-list has-small-font-size\">\n<li class=\"has-nunito-font-family has-small-font-size\">Identidad de la marca (logo\/variantes de color).<\/li>\n\n\n\n<li class=\"has-nunito-font-family has-small-font-size\">Tarjetas \/ Membretes \/ Presentaci\u00f3n power point.<\/li>\n\n\n\n<li class=\"has-nunito-font-family has-small-font-size\">Creaci\u00f3n de contenido.<\/li>\n\n\n\n<li class=\"has-nunito-font-family has-small-font-size\">Dise\u00f1o Gr\u00e1fico.<\/li>\n<\/ul>\n<\/div>\n<\/div>\n\n\n\n<p><\/p>\n","protected":false},"excerpt":{"rendered":"<p>PLANIFICACI\u00d3N Y ESTRATEGIAS DE MARKETING DIGITAL An\u00e1lisis de la empresa An\u00e1lisis del mercado Evaluaci\u00f3n y an\u00e1lisis de la informaci\u00f3n Implementaci\u00f3n de Indicadores Creaci\u00f3n del plan de acci\u00f3n Creaci\u00f3n y desarrollo de la marca<\/p>\n","protected":false},"author":1,"featured_media":0,"parent":0,"menu_order":0,"comment_status":"closed","ping_status":"closed","template":"","meta":{"footnotes":""},"class_list":["post-70","page","type-page","status-publish","hentry"],"yoast_head":"<!-- This site is optimized with the Yoast SEO plugin v23.6 - https:\/\/yoast.com\/wordpress\/plugins\/seo\/ -->\n<title>Planificaci\u00f3n y Estrategias de Marketing Digital - Health Consulting<\/title>\n<meta name=\"robots\" content=\"index, follow, max-snippet:-1, max-image-preview:large, max-video-preview:-1\" \/>\n<link rel=\"canonical\" href=\"https:\/\/healthconsulting.pe\/index.php\/marketing-digital\/\" \/>\n<meta property=\"og:locale\" content=\"es_ES\" \/>\n<meta property=\"og:type\" content=\"article\" \/>\n<meta property=\"og:title\" content=\"Planificaci\u00f3n y Estrategias de Marketing Digital - Health Consulting\" \/>\n<meta property=\"og:description\" content=\"PLANIFICACI\u00d3N Y ESTRATEGIAS DE MARKETING DIGITAL An\u00e1lisis de la empresa An\u00e1lisis del mercado Evaluaci\u00f3n y an\u00e1lisis de la informaci\u00f3n Implementaci\u00f3n de Indicadores Creaci\u00f3n del plan de acci\u00f3n Creaci\u00f3n y desarrollo de la marca\" \/>\n<meta property=\"og:url\" content=\"https:\/\/healthconsulting.pe\/index.php\/marketing-digital\/\" \/>\n<meta property=\"og:site_name\" content=\"Health Consulting\" \/>\n<meta property=\"article:modified_time\" content=\"2024-10-15T17:20:21+00:00\" \/>\n<meta property=\"og:image\" content=\"https:\/\/healthconsulting.pe\/wp-content\/uploads\/2024\/09\/Marketingdigital-683x1024.jpg\" \/>\n<meta name=\"twitter:card\" content=\"summary_large_image\" \/>\n<meta name=\"twitter:label1\" content=\"Tiempo de lectura\" \/>\n\t<meta name=\"twitter:data1\" content=\"1 minuto\" \/>\n<script type=\"application\/ld+json\" class=\"yoast-schema-graph\">{\"@context\":\"https:\/\/schema.org\",\"@graph\":[{\"@type\":\"WebPage\",\"@id\":\"https:\/\/healthconsulting.pe\/index.php\/marketing-digital\/\",\"url\":\"https:\/\/healthconsulting.pe\/index.php\/marketing-digital\/\",\"name\":\"Planificaci\u00f3n y Estrategias de Marketing Digital - Health Consulting\",\"isPartOf\":{\"@id\":\"https:\/\/healthconsulting.pe\/#website\"},\"primaryImageOfPage\":{\"@id\":\"https:\/\/healthconsulting.pe\/index.php\/marketing-digital\/#primaryimage\"},\"image\":{\"@id\":\"https:\/\/healthconsulting.pe\/index.php\/marketing-digital\/#primaryimage\"},\"thumbnailUrl\":\"https:\/\/healthconsulting.pe\/wp-content\/uploads\/2024\/09\/Marketingdigital-683x1024.jpg\",\"datePublished\":\"2024-09-16T23:27:48+00:00\",\"dateModified\":\"2024-10-15T17:20:21+00:00\",\"breadcrumb\":{\"@id\":\"https:\/\/healthconsulting.pe\/index.php\/marketing-digital\/#breadcrumb\"},\"inLanguage\":\"es\",\"potentialAction\":[{\"@type\":\"ReadAction\",\"target\":[\"https:\/\/healthconsulting.pe\/index.php\/marketing-digital\/\"]}]},{\"@type\":\"ImageObject\",\"inLanguage\":\"es\",\"@id\":\"https:\/\/healthconsulting.pe\/index.php\/marketing-digital\/#primaryimage\",\"url\":\"https:\/\/healthconsulting.pe\/wp-content\/uploads\/2024\/09\/Marketingdigital-scaled.jpg\",\"contentUrl\":\"https:\/\/healthconsulting.pe\/wp-content\/uploads\/2024\/09\/Marketingdigital-scaled.jpg\",\"width\":1707,\"height\":2560},{\"@type\":\"BreadcrumbList\",\"@id\":\"https:\/\/healthconsulting.pe\/index.php\/marketing-digital\/#breadcrumb\",\"itemListElement\":[{\"@type\":\"ListItem\",\"position\":1,\"name\":\"Portada\",\"item\":\"https:\/\/healthconsulting.pe\/\"},{\"@type\":\"ListItem\",\"position\":2,\"name\":\"Planificaci\u00f3n y Estrategias de Marketing Digital\"}]},{\"@type\":\"WebSite\",\"@id\":\"https:\/\/healthconsulting.pe\/#website\",\"url\":\"https:\/\/healthconsulting.pe\/\",\"name\":\"Health Consulting\",\"description\":\"Consultor\u00eda multidisciplinaria especializada en el Sector Salud\",\"publisher\":{\"@id\":\"https:\/\/healthconsulting.pe\/#organization\"},\"potentialAction\":[{\"@type\":\"SearchAction\",\"target\":{\"@type\":\"EntryPoint\",\"urlTemplate\":\"https:\/\/healthconsulting.pe\/?s={search_term_string}\"},\"query-input\":{\"@type\":\"PropertyValueSpecification\",\"valueRequired\":true,\"valueName\":\"search_term_string\"}}],\"inLanguage\":\"es\"},{\"@type\":\"Organization\",\"@id\":\"https:\/\/healthconsulting.pe\/#organization\",\"name\":\"Health Consulting\",\"url\":\"https:\/\/healthconsulting.pe\/\",\"logo\":{\"@type\":\"ImageObject\",\"inLanguage\":\"es\",\"@id\":\"https:\/\/healthconsulting.pe\/#\/schema\/logo\/image\/\",\"url\":\"https:\/\/healthconsulting.pe\/wp-content\/uploads\/2024\/09\/Health-Consulting-Principal-2.png\",\"contentUrl\":\"https:\/\/healthconsulting.pe\/wp-content\/uploads\/2024\/09\/Health-Consulting-Principal-2.png\",\"width\":2054,\"height\":2053,\"caption\":\"Health Consulting\"},\"image\":{\"@id\":\"https:\/\/healthconsulting.pe\/#\/schema\/logo\/image\/\"},\"sameAs\":[\"https:\/\/www.linkedin.com\/company\/health-consulting-drcch\/\"]}]}<\/script>\n<!-- \/ Yoast SEO plugin. -->","yoast_head_json":{"title":"Planificaci\u00f3n y Estrategias de Marketing Digital - Health Consulting","robots":{"index":"index","follow":"follow","max-snippet":"max-snippet:-1","max-image-preview":"max-image-preview:large","max-video-preview":"max-video-preview:-1"},"canonical":"https:\/\/healthconsulting.pe\/index.php\/marketing-digital\/","og_locale":"es_ES","og_type":"article","og_title":"Planificaci\u00f3n y Estrategias de Marketing Digital - Health Consulting","og_description":"PLANIFICACI\u00d3N Y ESTRATEGIAS DE MARKETING DIGITAL An\u00e1lisis de la empresa An\u00e1lisis del mercado Evaluaci\u00f3n y an\u00e1lisis de la informaci\u00f3n Implementaci\u00f3n de Indicadores Creaci\u00f3n del plan de acci\u00f3n Creaci\u00f3n y desarrollo de la marca","og_url":"https:\/\/healthconsulting.pe\/index.php\/marketing-digital\/","og_site_name":"Health Consulting","article_modified_time":"2024-10-15T17:20:21+00:00","og_image":[{"url":"https:\/\/healthconsulting.pe\/wp-content\/uploads\/2024\/09\/Marketingdigital-683x1024.jpg"}],"twitter_card":"summary_large_image","twitter_misc":{"Tiempo de lectura":"1 minuto"},"schema":{"@context":"https:\/\/schema.org","@graph":[{"@type":"WebPage","@id":"https:\/\/healthconsulting.pe\/index.php\/marketing-digital\/","url":"https:\/\/healthconsulting.pe\/index.php\/marketing-digital\/","name":"Planificaci\u00f3n y Estrategias de Marketing Digital - Health Consulting","isPartOf":{"@id":"https:\/\/healthconsulting.pe\/#website"},"primaryImageOfPage":{"@id":"https:\/\/healthconsulting.pe\/index.php\/marketing-digital\/#primaryimage"},"image":{"@id":"https:\/\/healthconsulting.pe\/index.php\/marketing-digital\/#primaryimage"},"thumbnailUrl":"https:\/\/healthconsulting.pe\/wp-content\/uploads\/2024\/09\/Marketingdigital-683x1024.jpg","datePublished":"2024-09-16T23:27:48+00:00","dateModified":"2024-10-15T17:20:21+00:00","breadcrumb":{"@id":"https:\/\/healthconsulting.pe\/index.php\/marketing-digital\/#breadcrumb"},"inLanguage":"es","potentialAction":[{"@type":"ReadAction","target":["https:\/\/healthconsulting.pe\/index.php\/marketing-digital\/"]}]},{"@type":"ImageObject","inLanguage":"es","@id":"https:\/\/healthconsulting.pe\/index.php\/marketing-digital\/#primaryimage","url":"https:\/\/healthconsulting.pe\/wp-content\/uploads\/2024\/09\/Marketingdigital-scaled.jpg","contentUrl":"https:\/\/healthconsulting.pe\/wp-content\/uploads\/2024\/09\/Marketingdigital-scaled.jpg","width":1707,"height":2560},{"@type":"BreadcrumbList","@id":"https:\/\/healthconsulting.pe\/index.php\/marketing-digital\/#breadcrumb","itemListElement":[{"@type":"ListItem","position":1,"name":"Portada","item":"https:\/\/healthconsulting.pe\/"},{"@type":"ListItem","position":2,"name":"Planificaci\u00f3n y Estrategias de Marketing Digital"}]},{"@type":"WebSite","@id":"https:\/\/healthconsulting.pe\/#website","url":"https:\/\/healthconsulting.pe\/","name":"Health Consulting","description":"Consultor\u00eda multidisciplinaria especializada en el Sector Salud","publisher":{"@id":"https:\/\/healthconsulting.pe\/#organization"},"potentialAction":[{"@type":"SearchAction","target":{"@type":"EntryPoint","urlTemplate":"https:\/\/healthconsulting.pe\/?s={search_term_string}"},"query-input":{"@type":"PropertyValueSpecification","valueRequired":true,"valueName":"search_term_string"}}],"inLanguage":"es"},{"@type":"Organization","@id":"https:\/\/healthconsulting.pe\/#organization","name":"Health Consulting","url":"https:\/\/healthconsulting.pe\/","logo":{"@type":"ImageObject","inLanguage":"es","@id":"https:\/\/healthconsulting.pe\/#\/schema\/logo\/image\/","url":"https:\/\/healthconsulting.pe\/wp-content\/uploads\/2024\/09\/Health-Consulting-Principal-2.png","contentUrl":"https:\/\/healthconsulting.pe\/wp-content\/uploads\/2024\/09\/Health-Consulting-Principal-2.png","width":2054,"height":2053,"caption":"Health Consulting"},"image":{"@id":"https:\/\/healthconsulting.pe\/#\/schema\/logo\/image\/"},"sameAs":["https:\/\/www.linkedin.com\/company\/health-consulting-drcch\/"]}]}},"_links":{"self":[{"href":"https:\/\/healthconsulting.pe\/index.php\/wp-json\/wp\/v2\/pages\/70","targetHints":{"allow":["GET"]}}],"collection":[{"href":"https:\/\/healthconsulting.pe\/index.php\/wp-json\/wp\/v2\/pages"}],"about":[{"href":"https:\/\/healthconsulting.pe\/index.php\/wp-json\/wp\/v2\/types\/page"}],"author":[{"embeddable":true,"href":"https:\/\/healthconsulting.pe\/index.php\/wp-json\/wp\/v2\/users\/1"}],"replies":[{"embeddable":true,"href":"https:\/\/healthconsulting.pe\/index.php\/wp-json\/wp\/v2\/comments?post=70"}],"version-history":[{"count":29,"href":"https:\/\/healthconsulting.pe\/index.php\/wp-json\/wp\/v2\/pages\/70\/revisions"}],"predecessor-version":[{"id":474,"href":"https:\/\/healthconsulting.pe\/index.php\/wp-json\/wp\/v2\/pages\/70\/revisions\/474"}],"wp:attachment":[{"href":"https:\/\/healthconsulting.pe\/index.php\/wp-json\/wp\/v2\/media?parent=70"}],"curies":[{"name":"wp","href":"https:\/\/api.w.org\/{rel}","templated":true}]}}